{"id":207,"date":"2023-11-13T21:41:39","date_gmt":"2023-11-13T20:41:39","guid":{"rendered":"http:\/\/marato.com.pl\/?page_id=207"},"modified":"2023-11-17T18:58:29","modified_gmt":"2023-11-17T17:58:29","slug":"o-nas","status":"publish","type":"page","link":"http:\/\/marato.com.pl\/?page_id=207","title":{"rendered":"O nas"},"content":{"rendered":"\t\t<div data-elementor-type=\"wp-page\" data-elementor-id=\"207\" class=\"elementor elementor-207\">\n\t\t\t\t\t\t\t<div class=\"elementor-element elementor-element-1e6fa0a e-flex e-con-boxed e-con e-parent\" data-id=\"1e6fa0a\" data-element_type=\"container\" data-settings=\"{&quot;background_background&quot;:&quot;classic&quot;,&quot;content_width&quot;:&quot;boxed&quot;}\" data-core-v316-plus=\"true\">\n\t\t\t\t\t<div class=\"e-con-inner\">\n\t\t\t\t<div class=\"elementor-element elementor-element-d394979 elementor-widget elementor-widget-spacer\" data-id=\"d394979\" data-element_type=\"widget\" data-widget_type=\"spacer.default\">\n\t\t\t\t<div class=\"elementor-widget-container\">\n\t\t\t<style>\/*! elementor - v3.17.0 - 08-11-2023 *\/\n.elementor-column .elementor-spacer-inner{height:var(--spacer-size)}.e-con{--container-widget-width:100%}.e-con-inner>.elementor-widget-spacer,.e-con>.elementor-widget-spacer{width:var(--container-widget-width,var(--spacer-size));--align-self:var(--container-widget-align-self,initial);--flex-shrink:0}.e-con-inner>.elementor-widget-spacer>.elementor-widget-container,.e-con>.elementor-widget-spacer>.elementor-widget-container{height:100%;width:100%}.e-con-inner>.elementor-widget-spacer>.elementor-widget-container>.elementor-spacer,.e-con>.elementor-widget-spacer>.elementor-widget-container>.elementor-spacer{height:100%}.e-con-inner>.elementor-widget-spacer>.elementor-widget-container>.elementor-spacer>.elementor-spacer-inner,.e-con>.elementor-widget-spacer>.elementor-widget-container>.elementor-spacer>.elementor-spacer-inner{height:var(--container-widget-height,var(--spacer-size))}.e-con-inner>.elementor-widget-spacer.elementor-widget-empty,.e-con>.elementor-widget-spacer.elementor-widget-empty{position:relative;min-height:22px;min-width:22px}.e-con-inner>.elementor-widget-spacer.elementor-widget-empty .elementor-widget-empty-icon,.e-con>.elementor-widget-spacer.elementor-widget-empty .elementor-widget-empty-icon{position:absolute;top:0;bottom:0;left:0;right:0;margin:auto;padding:0;width:22px;height:22px}<\/style>\t\t<div class=\"elementor-spacer\">\n\t\t\t<div class=\"elementor-spacer-inner\"><\/div>\n\t\t<\/div>\n\t\t\t\t<\/div>\n\t\t\t\t<\/div>\n\t\t\t\t<div class=\"elementor-element elementor-element-9b67b69 elementor-widget elementor-widget-text-editor\" data-id=\"9b67b69\" data-element_type=\"widget\" data-widget_type=\"text-editor.default\">\n\t\t\t\t<div class=\"elementor-widget-container\">\n\t\t\t<style>\/*! elementor - v3.17.0 - 08-11-2023 *\/\n.elementor-widget-text-editor.elementor-drop-cap-view-stacked .elementor-drop-cap{background-color:#69727d;color:#fff}.elementor-widget-text-editor.elementor-drop-cap-view-framed .elementor-drop-cap{color:#69727d;border:3px solid;background-color:transparent}.elementor-widget-text-editor:not(.elementor-drop-cap-view-default) .elementor-drop-cap{margin-top:8px}.elementor-widget-text-editor:not(.elementor-drop-cap-view-default) .elementor-drop-cap-letter{width:1em;height:1em}.elementor-widget-text-editor .elementor-drop-cap{float:left;text-align:center;line-height:1;font-size:50px}.elementor-widget-text-editor .elementor-drop-cap-letter{display:inline-block}<\/style>\t\t\t\t<p>O Nas<\/p>\t\t\t\t\t\t<\/div>\n\t\t\t\t<\/div>\n\t\t\t\t\t<\/div>\n\t\t\t\t<\/div>\n\t\t<div class=\"elementor-element elementor-element-2ec4c8f e-flex e-con-boxed e-con e-parent\" data-id=\"2ec4c8f\" data-element_type=\"container\" data-settings=\"{&quot;content_width&quot;:&quot;boxed&quot;}\" data-core-v316-plus=\"true\">\n\t\t\t\t\t<div class=\"e-con-inner\">\n\t\t<div class=\"elementor-element elementor-element-b8b3cd0 e-con-full e-flex e-con e-child\" data-id=\"b8b3cd0\" data-element_type=\"container\" data-settings=\"{&quot;content_width&quot;:&quot;full&quot;}\">\n\t\t\t\t<\/div>\n\t\t<div class=\"elementor-element elementor-element-9336c08 e-flex e-con-boxed e-con e-child\" data-id=\"9336c08\" data-element_type=\"container\" data-settings=\"{&quot;background_background&quot;:&quot;classic&quot;,&quot;content_width&quot;:&quot;boxed&quot;}\">\n\t\t\t\t\t<div class=\"e-con-inner\">\n\t\t\t\t<div class=\"elementor-element elementor-element-019a563 elementor-widget elementor-widget-spacer\" data-id=\"019a563\" data-element_type=\"widget\" data-widget_type=\"spacer.default\">\n\t\t\t\t<div class=\"elementor-widget-container\">\n\t\t\t\t\t<div class=\"elementor-spacer\">\n\t\t\t<div class=\"elementor-spacer-inner\"><\/div>\n\t\t<\/div>\n\t\t\t\t<\/div>\n\t\t\t\t<\/div>\n\t\t\t\t<div class=\"elementor-element elementor-element-572ca74 elementor-widget elementor-widget-text-editor\" data-id=\"572ca74\" data-element_type=\"widget\" data-widget_type=\"text-editor.default\">\n\t\t\t\t<div class=\"elementor-widget-container\">\n\t\t\t\t\t\t\t<p>W <b>MaRaTo\/BizCon<\/b> naszym celem jest pomaganie firmom w optymalizacji ich dzia\u0142a\u0144 i uwalnianiu ich pe\u0142nego potencja\u0142u dzi\u0119ki najnowocze\u015bniejszym rozwi\u0105zaniom ERP (Enterprise Resource Planning) oraz integracja z istniej\u0105cymi systemami. Nasz zesp\u00f3\u0142 ekspert\u00f3w specjalizuje si\u0119 w bezproblemowych wdro\u017ceniach ERP, kt\u00f3re usprawniaj\u0105 procesy biznesowe, zwi\u0119kszaj\u0105 produktywno\u015b\u0107, zmniejszaj\u0105 koszt i nap\u0119dzaj\u0105 rozw\u00f3j.<\/p><p><span style=\"text-align: var(--text-align); letter-spacing: var(--bodyletterspacing); text-transform: var(--bodytexttransform);\">Zdajemy sobie spraw\u0119, \u017ce wdro\u017cenie to tak\u017ce cz\u0119sto du\u017ca zmiana organizacyjna i konieczno\u015b\u0107 zmiany podej\u015bcia do proces\u00f3w.&nbsp;<\/span><\/p><p>Dlatego opr\u00f3cz skupienia si\u0119 na technicznej stronie wdro\u017cenia zwracamy uwag\u0119 tak\u017ce na elementy zarz\u0105dzania zmian\u0105.<\/p>\t\t\t\t\t\t<\/div>\n\t\t\t\t<\/div>\n\t\t\t\t\t<\/div>\n\t\t\t\t<\/div>\n\t\t<div class=\"elementor-element elementor-element-09d59ad e-con-full e-flex e-con e-child\" data-id=\"09d59ad\" data-element_type=\"container\" data-settings=\"{&quot;content_width&quot;:&quot;full&quot;}\">\n\t\t\t\t<\/div>\n\t\t\t\t\t<\/div>\n\t\t\t\t<\/div>\n\t\t\t\t\t\t\t<\/div>\n\t\t","protected":false},"excerpt":{"rendered":"<p>O Nas W MaRaTo\/BizCon naszym celem jest pomaganie firmom w optymalizacji ich dzia\u0142a\u0144 i uwalnianiu ich pe\u0142nego potencja\u0142u dzi\u0119ki najnowocze\u015bniejszym rozwi\u0105zaniom ERP (Enterprise Resource Planning) oraz integracja z istniej\u0105cymi systemami. Nasz zesp\u00f3\u0142 ekspert\u00f3w specjalizuje si\u0119 w bezproblemowych wdro\u017ceniach ERP, kt\u00f3re usprawniaj\u0105 procesy biznesowe, zwi\u0119kszaj\u0105 produktywno\u015b\u0107, zmniejszaj\u0105 koszt i nap\u0119dzaj\u0105 rozw\u00f3j. Zdajemy sobie spraw\u0119, \u017ce wdro\u017cenie&hellip;&nbsp;<a href=\"http:\/\/marato.com.pl\/?page_id=207\" class=\"\" rel=\"bookmark\">Czytaj dalej &raquo;<span class=\"screen-reader-text\">O nas<\/span><\/a><\/p>\n","protected":false},"author":1,"featured_media":0,"parent":189,"menu_order":0,"comment_status":"closed","ping_status":"closed","template":"page-templates\/template-pagebuilder-full-width.php","meta":{"neve_meta_sidebar":"","neve_meta_container":"","neve_meta_enable_content_width":"","neve_meta_content_width":0,"neve_meta_title_alignment":"","neve_meta_author_avatar":"","neve_post_elements_order":"","neve_meta_disable_header":"","neve_meta_disable_footer":"","neve_meta_disable_title":"","footnotes":""},"class_list":["post-207","page","type-page","status-publish","hentry"],"_links":{"self":[{"href":"http:\/\/marato.com.pl\/index.php?rest_route=\/wp\/v2\/pages\/207","targetHints":{"allow":["GET"]}}],"collection":[{"href":"http:\/\/marato.com.pl\/index.php?rest_route=\/wp\/v2\/pages"}],"about":[{"href":"http:\/\/marato.com.pl\/index.php?rest_route=\/wp\/v2\/types\/page"}],"author":[{"embeddable":true,"href":"http:\/\/marato.com.pl\/index.php?rest_route=\/wp\/v2\/users\/1"}],"replies":[{"embeddable":true,"href":"http:\/\/marato.com.pl\/index.php?rest_route=%2Fwp%2Fv2%2Fcomments&post=207"}],"version-history":[{"count":31,"href":"http:\/\/marato.com.pl\/index.php?rest_route=\/wp\/v2\/pages\/207\/revisions"}],"predecessor-version":[{"id":464,"href":"http:\/\/marato.com.pl\/index.php?rest_route=\/wp\/v2\/pages\/207\/revisions\/464"}],"up":[{"embeddable":true,"href":"http:\/\/marato.com.pl\/index.php?rest_route=\/wp\/v2\/pages\/189"}],"wp:attachment":[{"href":"http:\/\/marato.com.pl\/index.php?rest_route=%2Fwp%2Fv2%2Fmedia&parent=207"}],"curies":[{"name":"wp","href":"https:\/\/api.w.org\/{rel}","templated":true}]}}