{"id":208,"date":"2023-11-13T21:41:56","date_gmt":"2023-11-13T20:41:56","guid":{"rendered":"http:\/\/marato.com.pl\/?page_id=208"},"modified":"2023-11-17T20:47:28","modified_gmt":"2023-11-17T19:47:28","slug":"oferta","status":"publish","type":"page","link":"http:\/\/marato.com.pl\/?page_id=208","title":{"rendered":"Oferta"},"content":{"rendered":"\t\t<div data-elementor-type=\"wp-page\" data-elementor-id=\"208\" class=\"elementor elementor-208\">\n\t\t\t\t\t\t\t<div class=\"elementor-element elementor-element-a6ef237 e-flex e-con-boxed e-con e-parent\" data-id=\"a6ef237\" data-element_type=\"container\" data-settings=\"{&quot;background_background&quot;:&quot;classic&quot;,&quot;content_width&quot;:&quot;boxed&quot;}\" data-core-v316-plus=\"true\">\n\t\t\t\t\t<div class=\"e-con-inner\">\n\t\t\t\t<div class=\"elementor-element elementor-element-fb80d91 elementor-widget elementor-widget-spacer\" data-id=\"fb80d91\" data-element_type=\"widget\" data-widget_type=\"spacer.default\">\n\t\t\t\t<div class=\"elementor-widget-container\">\n\t\t\t<style>\/*! elementor - v3.17.0 - 08-11-2023 *\/\n.elementor-column .elementor-spacer-inner{height:var(--spacer-size)}.e-con{--container-widget-width:100%}.e-con-inner>.elementor-widget-spacer,.e-con>.elementor-widget-spacer{width:var(--container-widget-width,var(--spacer-size));--align-self:var(--container-widget-align-self,initial);--flex-shrink:0}.e-con-inner>.elementor-widget-spacer>.elementor-widget-container,.e-con>.elementor-widget-spacer>.elementor-widget-container{height:100%;width:100%}.e-con-inner>.elementor-widget-spacer>.elementor-widget-container>.elementor-spacer,.e-con>.elementor-widget-spacer>.elementor-widget-container>.elementor-spacer{height:100%}.e-con-inner>.elementor-widget-spacer>.elementor-widget-container>.elementor-spacer>.elementor-spacer-inner,.e-con>.elementor-widget-spacer>.elementor-widget-container>.elementor-spacer>.elementor-spacer-inner{height:var(--container-widget-height,var(--spacer-size))}.e-con-inner>.elementor-widget-spacer.elementor-widget-empty,.e-con>.elementor-widget-spacer.elementor-widget-empty{position:relative;min-height:22px;min-width:22px}.e-con-inner>.elementor-widget-spacer.elementor-widget-empty .elementor-widget-empty-icon,.e-con>.elementor-widget-spacer.elementor-widget-empty .elementor-widget-empty-icon{position:absolute;top:0;bottom:0;left:0;right:0;margin:auto;padding:0;width:22px;height:22px}<\/style>\t\t<div class=\"elementor-spacer\">\n\t\t\t<div class=\"elementor-spacer-inner\"><\/div>\n\t\t<\/div>\n\t\t\t\t<\/div>\n\t\t\t\t<\/div>\n\t\t\t\t<div class=\"elementor-element elementor-element-c7132df elementor-widget elementor-widget-text-editor\" data-id=\"c7132df\" data-element_type=\"widget\" data-widget_type=\"text-editor.default\">\n\t\t\t\t<div class=\"elementor-widget-container\">\n\t\t\t<style>\/*! elementor - v3.17.0 - 08-11-2023 *\/\n.elementor-widget-text-editor.elementor-drop-cap-view-stacked .elementor-drop-cap{background-color:#69727d;color:#fff}.elementor-widget-text-editor.elementor-drop-cap-view-framed .elementor-drop-cap{color:#69727d;border:3px solid;background-color:transparent}.elementor-widget-text-editor:not(.elementor-drop-cap-view-default) .elementor-drop-cap{margin-top:8px}.elementor-widget-text-editor:not(.elementor-drop-cap-view-default) .elementor-drop-cap-letter{width:1em;height:1em}.elementor-widget-text-editor .elementor-drop-cap{float:left;text-align:center;line-height:1;font-size:50px}.elementor-widget-text-editor .elementor-drop-cap-letter{display:inline-block}<\/style>\t\t\t\t<p>Oferta<\/p>\t\t\t\t\t\t<\/div>\n\t\t\t\t<\/div>\n\t\t\t\t\t<\/div>\n\t\t\t\t<\/div>\n\t\t<div class=\"elementor-element elementor-element-d71b9b2 e-flex e-con-boxed e-con e-parent\" data-id=\"d71b9b2\" data-element_type=\"container\" data-settings=\"{&quot;content_width&quot;:&quot;boxed&quot;}\" data-core-v316-plus=\"true\">\n\t\t\t\t\t<div class=\"e-con-inner\">\n\t\t<div class=\"elementor-element elementor-element-2dc4f29 e-flex e-con-boxed e-con e-child\" data-id=\"2dc4f29\" data-element_type=\"container\" data-settings=\"{&quot;background_background&quot;:&quot;classic&quot;,&quot;content_width&quot;:&quot;boxed&quot;}\">\n\t\t\t\t\t<div class=\"e-con-inner\">\n\t\t\t\t<div class=\"elementor-element elementor-element-cac4b05 elementor-widget elementor-widget-spacer\" data-id=\"cac4b05\" data-element_type=\"widget\" data-widget_type=\"spacer.default\">\n\t\t\t\t<div class=\"elementor-widget-container\">\n\t\t\t\t\t<div class=\"elementor-spacer\">\n\t\t\t<div class=\"elementor-spacer-inner\"><\/div>\n\t\t<\/div>\n\t\t\t\t<\/div>\n\t\t\t\t<\/div>\n\t\t\t\t<div class=\"elementor-element elementor-element-c8e2fb3 elementor-widget elementor-widget-text-editor\" data-id=\"c8e2fb3\" data-element_type=\"widget\" data-widget_type=\"text-editor.default\">\n\t\t\t\t<div class=\"elementor-widget-container\">\n\t\t\t\t\t\t\t<p><b>Wdro\u017cenia system\u00f3w ERP:<br \/><\/b>Jeste\u015bmy partnerem systemu ERP Exact.<\/p><p><span style=\"text-align: var(--text-align); background-color: var( --e-global-color-nvsitebg ); letter-spacing: var(--bodyletterspacing); text-transform: var(--bodytexttransform);\"><b>Systemy do automatyzacji proces\u00f3w administracyjnych oraz biurowych.<br \/><\/b><\/span><span style=\"text-align: var(--text-align); background-color: var( --e-global-color-nvsitebg ); letter-spacing: var(--bodyletterspacing); text-transform: var(--bodytexttransform);\"><em>Saldeo<\/em> &#8211; Innowacyjna platforma online automatyzuj\u0105ca prac\u0119 biur rachunkowych oraz firm<br \/><\/span><span style=\"text-align: var(--text-align); background-color: var( --e-global-color-nvsitebg ); letter-spacing: var(--bodyletterspacing); text-transform: var(--bodytexttransform);\"><em>SaldeoSMART<\/em> &#8211; intuicyjne narz\u0119dzie do fakturowania, bezpieczne po\u0142\u0105czenie z KSeF, skuteczny OCR oraz elektroniczny obieg dokument\u00f3w<br \/><\/span><span style=\"text-align: var(--text-align); background-color: var( --e-global-color-nvsitebg ); letter-spacing: var(--bodyletterspacing); text-transform: var(--bodytexttransform);\"><em>Exact Synergia<\/em> &#8211; system s\u0142u\u017c\u0105cy do kompleksowego zarz\u0105dzania procesmi w firmie.<br \/><\/span><span style=\"text-align: var(--text-align); background-color: var( --e-global-color-nvsitebg ); letter-spacing: var(--bodyletterspacing); text-transform: var(--bodytexttransform);\"><em>RPA<\/em> &#8211; system automatyzacji proces\u00f3w.<br \/><\/span><span style=\"text-align: var(--text-align); background-color: var( --e-global-color-nvsitebg ); letter-spacing: var(--bodyletterspacing); text-transform: var(--bodytexttransform);\"><em>Scansys<\/em> &#8211; modu\u0142 OCR dokument\u00f3w.\u00a0<\/span><\/p><p><b>Systemy pod klucz<br \/><\/b>Przygotowujemy dedykowane systemy oparte o technologi\u0119 Power Platform.<span style=\"background-color: var( --e-global-color-nvsitebg ); font-family: var( --e-global-typography-text-font-family ), Sans-serif; font-size: var(--bodyfontsize); letter-spacing: var(--bodyletterspacing); text-align: var(--text-align); text-transform: var(--bodytexttransform);\">\u00a0<\/span><\/p><p><b>Zarz\u0105dzanie wdro\u017ceniami IT\u00a0<\/b><\/p><p><b>Us\u0142ugi ksi\u0119gowe w oparciu o systemy Exact oraz Navision (Business Central)<\/b><\/p>\t\t\t\t\t\t<\/div>\n\t\t\t\t<\/div>\n\t\t\t\t\t<\/div>\n\t\t\t\t<\/div>\n\t\t\t\t\t<\/div>\n\t\t\t\t<\/div>\n\t\t<div class=\"elementor-element elementor-element-e0463ae e-flex e-con-boxed e-con e-parent\" data-id=\"e0463ae\" data-element_type=\"container\" data-settings=\"{&quot;content_width&quot;:&quot;boxed&quot;}\" data-core-v316-plus=\"true\">\n\t\t\t\t\t<div class=\"e-con-inner\">\n\t\t<div class=\"elementor-element elementor-element-8df5f86 e-con-full e-flex e-con e-child\" data-id=\"8df5f86\" data-element_type=\"container\" data-settings=\"{&quot;content_width&quot;:&quot;full&quot;,&quot;background_background&quot;:&quot;classic&quot;}\">\n\t\t\t\t<div class=\"elementor-element elementor-element-571ab16 elementor-widget elementor-widget-heading\" data-id=\"571ab16\" data-element_type=\"widget\" data-widget_type=\"heading.default\">\n\t\t\t\t<div class=\"elementor-widget-container\">\n\t\t\t<style>\/*! elementor - v3.17.0 - 08-11-2023 *\/\n.elementor-heading-title{padding:0;margin:0;line-height:1}.elementor-widget-heading .elementor-heading-title[class*=elementor-size-]>a{color:inherit;font-size:inherit;line-height:inherit}.elementor-widget-heading .elementor-heading-title.elementor-size-small{font-size:15px}.elementor-widget-heading .elementor-heading-title.elementor-size-medium{font-size:19px}.elementor-widget-heading .elementor-heading-title.elementor-size-large{font-size:29px}.elementor-widget-heading .elementor-heading-title.elementor-size-xl{font-size:39px}.elementor-widget-heading .elementor-heading-title.elementor-size-xxl{font-size:59px}<\/style><h2 class=\"elementor-heading-title elementor-size-default\">Jeste\u015bmy partnerem<\/h2>\t\t<\/div>\n\t\t\t\t<\/div>\n\t\t\t\t<\/div>\n\t\t<div class=\"elementor-element elementor-element-ba19aa0 e-con-full e-flex e-con e-child\" data-id=\"ba19aa0\" data-element_type=\"container\" data-settings=\"{&quot;content_width&quot;:&quot;full&quot;,&quot;background_background&quot;:&quot;classic&quot;}\">\n\t\t\t\t<div class=\"elementor-element elementor-element-f1f3ed3 elementor-widget__width-initial elementor-widget elementor-widget-image\" data-id=\"f1f3ed3\" data-element_type=\"widget\" data-widget_type=\"image.default\">\n\t\t\t\t<div class=\"elementor-widget-container\">\n\t\t\t<style>\/*! elementor - v3.17.0 - 08-11-2023 *\/\n.elementor-widget-image{text-align:center}.elementor-widget-image a{display:inline-block}.elementor-widget-image a img[src$=\".svg\"]{width:48px}.elementor-widget-image img{vertical-align:middle;display:inline-block}<\/style>\t\t\t\t\t\t\t\t\t\t\t\t\t<a href=\"http:\/\/www.exact.com\">\n\t\t\t\t\t\t\t<img decoding=\"async\" width=\"223\" height=\"143\" src=\"http:\/\/marato.com.pl\/wp-content\/uploads\/2023\/11\/Exact_partner-logo-size.png\" class=\"attachment-large size-large wp-image-398\" alt=\"\" \/>\t\t\t\t\t\t\t\t<\/a>\n\t\t\t\t\t\t\t\t\t\t\t\t\t\t\t<\/div>\n\t\t\t\t<\/div>\n\t\t\t\t<\/div>\n\t\t<div class=\"elementor-element elementor-element-fae96d9 e-con-full e-flex e-con e-child\" data-id=\"fae96d9\" data-element_type=\"container\" data-settings=\"{&quot;content_width&quot;:&quot;full&quot;,&quot;background_background&quot;:&quot;classic&quot;}\">\n\t\t\t\t<div class=\"elementor-element elementor-element-32f77d5 elementor-widget__width-initial elementor-widget elementor-widget-image\" data-id=\"32f77d5\" data-element_type=\"widget\" data-widget_type=\"image.default\">\n\t\t\t\t<div class=\"elementor-widget-container\">\n\t\t\t\t\t\t\t\t\t\t\t\t\t\t\t\t<a href=\"https:\/\/www.saldeosmart.pl\/\">\n\t\t\t\t\t\t\t<img fetchpriority=\"high\" decoding=\"async\" width=\"401\" height=\"201\" src=\"http:\/\/marato.com.pl\/wp-content\/uploads\/2023\/11\/SaldeoSMART-PARTNER.png\" class=\"attachment-large size-large wp-image-399\" alt=\"\" srcset=\"http:\/\/marato.com.pl\/wp-content\/uploads\/2023\/11\/SaldeoSMART-PARTNER.png 401w, http:\/\/marato.com.pl\/wp-content\/uploads\/2023\/11\/SaldeoSMART-PARTNER-300x150.png 300w\" sizes=\"(max-width: 401px) 100vw, 401px\" \/>\t\t\t\t\t\t\t\t<\/a>\n\t\t\t\t\t\t\t\t\t\t\t\t\t\t\t<\/div>\n\t\t\t\t<\/div>\n\t\t\t\t<\/div>\n\t\t\t\t\t<\/div>\n\t\t\t\t<\/div>\n\t\t\t\t\t\t\t<\/div>\n\t\t","protected":false},"excerpt":{"rendered":"<p>Oferta Wdro\u017cenia system\u00f3w ERP:Jeste\u015bmy partnerem systemu ERP Exact. Systemy do automatyzacji proces\u00f3w administracyjnych oraz biurowych.Saldeo &#8211; Innowacyjna platforma online automatyzuj\u0105ca prac\u0119 biur rachunkowych oraz firmSaldeoSMART &#8211; intuicyjne narz\u0119dzie do fakturowania, bezpieczne po\u0142\u0105czenie z KSeF, skuteczny OCR oraz elektroniczny obieg dokument\u00f3wExact Synergia &#8211; system s\u0142u\u017c\u0105cy do kompleksowego zarz\u0105dzania procesmi w firmie.RPA &#8211; system automatyzacji proces\u00f3w.Scansys &#8211;&hellip;&nbsp;<a href=\"http:\/\/marato.com.pl\/?page_id=208\" class=\"\" rel=\"bookmark\">Czytaj dalej &raquo;<span class=\"screen-reader-text\">Oferta<\/span><\/a><\/p>\n","protected":false},"author":1,"featured_media":0,"parent":189,"menu_order":0,"comment_status":"closed","ping_status":"closed","template":"page-templates\/template-pagebuilder-full-width.php","meta":{"neve_meta_sidebar":"","neve_meta_container":"","neve_meta_enable_content_width":"","neve_meta_content_width":0,"neve_meta_title_alignment":"","neve_meta_author_avatar":"","neve_post_elements_order":"","neve_meta_disable_header":"","neve_meta_disable_footer":"","neve_meta_disable_title":"","footnotes":""},"class_list":["post-208","page","type-page","status-publish","hentry"],"_links":{"self":[{"href":"http:\/\/marato.com.pl\/index.php?rest_route=\/wp\/v2\/pages\/208","targetHints":{"allow":["GET"]}}],"collection":[{"href":"http:\/\/marato.com.pl\/index.php?rest_route=\/wp\/v2\/pages"}],"about":[{"href":"http:\/\/marato.com.pl\/index.php?rest_route=\/wp\/v2\/types\/page"}],"author":[{"embeddable":true,"href":"http:\/\/marato.com.pl\/index.php?rest_route=\/wp\/v2\/users\/1"}],"replies":[{"embeddable":true,"href":"http:\/\/marato.com.pl\/index.php?rest_route=%2Fwp%2Fv2%2Fcomments&post=208"}],"version-history":[{"count":127,"href":"http:\/\/marato.com.pl\/index.php?rest_route=\/wp\/v2\/pages\/208\/revisions"}],"predecessor-version":[{"id":716,"href":"http:\/\/marato.com.pl\/index.php?rest_route=\/wp\/v2\/pages\/208\/revisions\/716"}],"up":[{"embeddable":true,"href":"http:\/\/marato.com.pl\/index.php?rest_route=\/wp\/v2\/pages\/189"}],"wp:attachment":[{"href":"http:\/\/marato.com.pl\/index.php?rest_route=%2Fwp%2Fv2%2Fmedia&parent=208"}],"curies":[{"name":"wp","href":"https:\/\/api.w.org\/{rel}","templated":true}]}}